{"id":8489,"date":"2021-04-02T11:37:37","date_gmt":"2021-04-02T09:37:37","guid":{"rendered":"https:\/\/www.saintfrancoislongchamp.com\/titre\/se-faire-chouchouter-le-centre-de-balneotherapie-bien-etre\/"},"modified":"2026-02-15T16:41:35","modified_gmt":"2026-02-15T15:41:35","slug":"se-faire-chouchouter-le-centre-de-balneotherapie-bien-etre","status":"publish","type":"page","link":"https:\/\/www.saintfrancoislongchamp.com\/nl\/se-faire-chouchouter-le-centre-de-balneotherapie-bien-etre\/","title":{"rendered":"Baln\u00e9o"},"content":{"rendered":"<section class=\"ContenuTextuel container\">\n    <div class=\"ContenuTextuel-content\"><h2 style=\"text-align: center;\">Welkom in de Balneo: een plek gewijd aan welzijn en ontspanning in het hart van de bergen<\/h2>\n<p style=\"text-align: center;\">Meer dan 2.500 m\u00b2 staan tot uw beschikking met <strong>balneobaden, sauna\u2019s, hammam en jacuzzi\u2019s<\/strong>. Voor sportievelingen zijn er aqua-traininglessen, een fitnessruimte en een krachttrainingsruimte beschikbaar.<\/p>\n<p style=\"text-align: center;\">Niet te missen: de Wellnessruimte waar onze therapeuten massages, gezichtsbehandelingen en schoonheidsverzorgingen aanbieden.<\/p>\n<p style=\"text-align: center;\">Saint Fran\u00e7ois Longchamp, een berg vol welzijn!<\/p>\n<\/div>\n    <\/section>\n\n\n<section class=\"ColonnesTextImg container \">\n        <picture class=\"ColonnesTextImg-picture __fadeLeft\">\n        <img decoding=\"async\" class=\"ColonnesTextImg-img\" src=\"https:\/\/www.saintfrancoislongchamp.com\/content\/uploads\/2021\/05\/APernet-OTSFL-HD-290720-6569-390x570.jpg\" alt=\"Centre de Baln\u00e9oth\u00e9rapie jacuzzi\"\/>\n    <\/picture>\n        <div class=\"ColonnesTextImg-content\"><h4>HERBRONNEN<\/h4>\n<h2>Balneoruimte<\/h2>\n<p> <strong>De balneoruimte, met haar baden en spa-zone<\/strong>, staat tot uw beschikking voor een moment van ontspanning, sportief herstel of een optimale voorbereiding op inspanning. Geniet van onze waterwereld om goed voor uzelf te zorgen.<\/p>\n<p><strong>Hydromassagejets<\/strong> om te stimuleren of tot rust te komen, <strong>jacuzzi\u2019s, bubbelbanken en een buitenbad<\/strong> voor hydrotherapie, een bron van welzijn voor het lichaam.<br \/>\nContrasterende baden of tegenstroomzwembaden om uw spieren te activeren en de afvoer en doorbloeding van de benen te optimaliseren.<\/p>\n<p>Dit is het moment om aan uzelf te denken.<\/p>\n<\/div>\n<\/section>\n\n\n<section class=\"ColonnesTextImg container reverse\">\n        <picture class=\"ColonnesTextImg-picture __fadeRight\">\n        <img decoding=\"async\" class=\"ColonnesTextImg-img\" src=\"https:\/\/www.saintfrancoislongchamp.com\/content\/uploads\/2021\/05\/APernet-OTSFL-9887-390x570.jpg\" alt=\"Soins massage par esth\u00e9ticienne professionnelle Centre de Baln\u00e9oth\u00e9rapie\"\/>\n    <\/picture>\n        <div class=\"ColonnesTextImg-content\"><h4>ZICH GOED VOELEN<\/h4>\n<h2>Schoonheidsruimte<\/h2>\n<p> Met z\u2019n twee\u00ebn of alleen: de Wellnessruimte biedt u een ruime keuze aan <strong>natuurlijke en zintuiglijke behandelingen met onze productlijn Origine<\/strong>. Gun uzelf een moment van pure ontspanning: relaxerende massages, gepersonaliseerde gezichtsbehandelingen, schoonheidsverzorgingen en rituelen met exotische geuren om uw schoonheid en welzijn te laten stralen.<\/p>\n<p><strong>Ontdek ook onze Schoonheidsruimte en onze Beautyshop<\/strong>: hier vindt u onze producten van Origine evenals biologische en ecologisch verantwoorde cosmetica van het merk Avril.<\/p>\n<\/div>\n<\/section>\n\n\n<section class=\"ColonnesTextImg container \">\n        <picture class=\"ColonnesTextImg-picture __fadeLeft\">\n        <img decoding=\"async\" class=\"ColonnesTextImg-img\" src=\"https:\/\/www.saintfrancoislongchamp.com\/content\/uploads\/2021\/09\/Credit-@theblondehills-80-390x570.jpg\" alt=\"Femme se relaxant dan un sauna\"\/>\n    <\/picture>\n        <div class=\"ColonnesTextImg-content\"><h2>Sudatieruimte<\/h2>\n<p> \u201cZin om niets te doen, pure ontspanning\u2026 Zich laten meevoeren van de ene temperatuur naar de andere, van de ene sfeer naar de andere\u2026\u201d <\/p>\n<ul>\n<li><strong>1 sauna van 90\u00b0<\/strong>: een saunasessie helpt stress te verminderen, slaapproblemen te verlichten, spier- en gewrichtspijn te verzachten en ondersteunt de ontgifting van het lichaam dankzij droge warmte.<\/li>\n<li><strong>1 hammam<\/strong>: een eeuwenoud ritueel dat warmte en stoom combineert om het lichaam te zuiveren en de geest tot rust te brengen.<\/li>\n<li><strong>Tepidarium<\/strong>: een rust- en ontspanningsruimte met verwarmde banken.<\/li>\n<li><strong>1 infraroodsauna<\/strong>: de zachte warmte verlicht spierspanningen, verzacht gewrichtspijn en bevordert het herstel na inspanning.<\/li>\n<\/ul>\n<\/div>\n<\/section>\n\n\n<section class=\"ColonnesTextImg container reverse\">\n        <picture class=\"ColonnesTextImg-picture __fadeRight\">\n        <img decoding=\"async\" class=\"ColonnesTextImg-img\" src=\"https:\/\/www.saintfrancoislongchamp.com\/content\/uploads\/2023\/12\/Credit-@theblondehills-61-390x570.jpg\" alt=\"Cr\u00e9dit @theblondehills (61)\"\/>\n    <\/picture>\n        <div class=\"ColonnesTextImg-content\"><h2>Fitnessruimte<\/h2>\n<p> Voor sportievelingen biedt ons centrum een fitness- en trainingsruimte op de 1e verdieping: <\/p>\n<ul>\n<li>Vrije toegang per dag of per week (aankoop bij het Balneotherapiecentrum)<\/li>\n<li>CAF-lessen en circuittraining<\/li>\n<\/ul>\n<p> &nbsp;<\/p>\n<\/div>\n<\/section>\n\n\n<section class=\"ColonnesTextImg container \">\n        <picture class=\"ColonnesTextImg-picture __fadeLeft\">\n        <img decoding=\"async\" class=\"ColonnesTextImg-img\" src=\"https:\/\/www.saintfrancoislongchamp.com\/content\/uploads\/2025\/07\/Balneo-@Tim-Arnold-27-390x570.jpg\" alt=\"Baln\u00e9o @Tim Arnold-27\"\/>\n    <\/picture>\n        <div class=\"ColonnesTextImg-content\"><h2>Nieuw in 2025: infraroodcabine<\/h2>\n<p> Ontdek de voordelen van infraroodcabines in ons balneotherapiecentrum: een zachte warmte die diep doordringt om de spieren te ontspannen, spanningen te verlichten en de afvoer van toxines te bevorderen.<\/p>\n<p>Ideaal na een sportieve dag of gewoon voor een moment van welzijn. Ze vormen een modern alternatief voor de traditionele sauna. Gun uw lichaam een moment van herstel en regeneratie in alle rust.<\/p>\n<\/div>\n<\/section>\n\n<section class=\"ContenuTextuel container\">\n    <div class=\"ContenuTextuel-content\"><\/div>\n            <div class=\"ContenuTextuel-link--container\">\n            <a class=\"ContenuTextuel-link Button-secondary\" href=\"https:\/\/www.saintfrancoislongchamp.com\/nl\/que-faire-pendant-mes-vacances-au-ski-ou-a-la-montagne\/se-faire-chouchouter-le-centre-de-balneotherapie-bien-etre\/tarifs-balneo-soins-epilation-enfants-aquabike\/\" target=\"\">Bekijk alle tarieven<\/a>\n        <\/div>\n    <\/section>\n\n<section class=\"Pushs\">\n                    <a class=\"Pushs-link\" href=\"https:\/\/www.saintfrancoislongchamp.com\/nl\/cinema\/\" target=\"\">\n            <picture class=\"Pushs-picture\">\n                <img decoding=\"async\" class=\"Pushs-background\" src=\"https:\/\/www.saintfrancoislongchamp.com\/content\/uploads\/2021\/06\/Salle-cinema-570x370.jpg\" alt=\"Salle cin\u00e9ma\">\n            <\/picture>\n                            <span class=\"Pushs-label bleu\">Aanbieding<\/span>\n                                        <span class=\"Pushs-subTitle\">\u00c9\u00e9n toegang Balneo en \u00e9\u00e9n toegang Cinema<\/span>\n                        <h2 class=\"Pushs-title\">Cin\u00e9 Baln\u00e9o<\/h2>\n        <\/a>\n                    <a class=\"Pushs-link\" href=\"https:\/\/www.saintfrancoislongchamp.com\/nl\/bon-plan-balneo-1\/\" target=\"\">\n            <picture class=\"Pushs-picture\">\n                <img decoding=\"async\" class=\"Pushs-background\" src=\"https:\/\/www.saintfrancoislongchamp.com\/content\/uploads\/2021\/09\/Credit-@theblondehills-39-570x370.jpg\" alt=\"massage centre baln\u00e9oth\u00e9rapie saint francois longchamp\">\n            <\/picture>\n                            <span class=\"Pushs-label bleu\">Aanbieding<\/span>\n                                        <span class=\"Pushs-subTitle\">Speciale aanbieding<\/span>\n                        <h2 class=\"Pushs-title\">Behandeling + Baden<\/h2>\n        <\/a>\n    <\/section>\n\n<div class=\"Slider\">\n\n    <div class=\"Slider-header\">\n        <span class=\"Slider-subTitle\">Snelle toegang<\/span>\n                    <h2 class=\"Slider-title\">\n                                    <span>Behandelingen, diensten, <\/span>\n                                                    <span>tarieven, activiteiten &amp; andere<\/span>\n                            <\/h2>\n            <\/div>\n\n    <div class=\"Slider-wrapper\">\n        <div class=\"Slider-container swiper-container\">\n            <ul class=\"Slider-list swiper-wrapper\">\n                                                            <li class=\"Slider-tuile swiper-slide\">\n                            <picture class=\"Slider-tuile--picture\">\n                                <img decoding=\"async\" class=\"Slider-tuile--background\" src=\"https:\/\/www.saintfrancoislongchamp.com\/content\/uploads\/2021\/09\/Credit-@theblondehills-73-400x530.jpg\" alt=\"activit\u00e9s saint francois longchmp chambery\"\/>\n                            <\/picture>\n                            <h3 class=\"Slider-tuile--title\">Onze tarieven<\/h3>\n                                                            <a class=\"Slider-tuile--link\" href=\"https:\/\/www.saintfrancoislongchamp.com\/nl\/que-faire-pendant-mes-vacances-au-ski-ou-a-la-montagne\/se-faire-chouchouter-le-centre-de-balneotherapie-bien-etre\/tarifs-balneo-soins-epilation-enfants-aquabike\/\" target=\"\"><\/a>\n                                                    <\/li>\n                                            <li class=\"Slider-tuile swiper-slide\">\n                            <picture class=\"Slider-tuile--picture\">\n                                <img decoding=\"async\" class=\"Slider-tuile--background\" src=\"https:\/\/www.saintfrancoislongchamp.com\/content\/uploads\/2021\/05\/APernet-OTSFL-5009-400x530.jpg\" alt=\"Centre de Baln\u00e9oth\u00e9rapie Saint Fran\u00e7ois Longchamp\"\/>\n                            <\/picture>\n                            <h3 class=\"Slider-tuile--title\">De Balneo<\/h3>\n                                                            <a class=\"Slider-tuile--link\" href=\"https:\/\/www.saintfrancoislongchamp.com\/en\/que-faire-pendant-mes-vacances-au-ski-ou-a-la-montagne\/se-faire-chouchouter-le-centre-de-balneotherapie-bien-etre\/espace-balneo-bassins-jaccuzi\/\" target=\"\"><\/a>\n                                                    <\/li>\n                                            <li class=\"Slider-tuile swiper-slide\">\n                            <picture class=\"Slider-tuile--picture\">\n                                <img decoding=\"async\" class=\"Slider-tuile--background\" src=\"https:\/\/www.saintfrancoislongchamp.com\/content\/uploads\/2021\/05\/APernet-OTSFL-0171-400x530.jpg\" alt=\"Bassins Centre de Baln\u00e9oth\u00e9rapie\"\/>\n                            <\/picture>\n                            <h3 class=\"Slider-tuile--title\">De activiteiten<\/h3>\n                                                            <a class=\"Slider-tuile--link\" href=\"https:\/\/www.saintfrancoislongchamp.com\/nl\/que-faire-pendant-mes-vacances-au-ski-ou-a-la-montagne\/se-faire-chouchouter-le-centre-de-balneotherapie-bien-etre\/activites-balneo-aquabike-aquagym-fitness\/\" target=\"\"><\/a>\n                                                    <\/li>\n                                            <li class=\"Slider-tuile swiper-slide\">\n                            <picture class=\"Slider-tuile--picture\">\n                                <img decoding=\"async\" class=\"Slider-tuile--background\" src=\"https:\/\/www.saintfrancoislongchamp.com\/content\/uploads\/2021\/09\/Credit-@theblondehills-39-400x530.jpg\" alt=\"massage centre baln\u00e9oth\u00e9rapie saint francois longchamp\"\/>\n                            <\/picture>\n                            <h3 class=\"Slider-tuile--title\">Onze gezondheids- &amp; schoonheidsbehandelingen<\/h3>\n                                                            <a class=\"Slider-tuile--link\" href=\"https:\/\/www.saintfrancoislongchamp.com\/en\/que-faire-pendant-mes-vacances-au-ski-ou-a-la-montagne\/se-faire-chouchouter-le-centre-de-balneotherapie-bien-etre\/sante-beaute-coiffure-osteopathie\/\" target=\"\"><\/a>\n                                                    <\/li>\n                                            <li class=\"Slider-tuile swiper-slide\">\n                            <picture class=\"Slider-tuile--picture\">\n                                <img decoding=\"async\" class=\"Slider-tuile--background\" src=\"https:\/\/www.saintfrancoislongchamp.com\/content\/uploads\/2024\/11\/IMG_20221216_132218-400x530.jpg\" alt=\"Boutique baln\u00e9o\"\/>\n                            <\/picture>\n                            <h3 class=\"Slider-tuile--title\">Balneowinkel<\/h3>\n                                                            <a class=\"Slider-tuile--link\" href=\"https:\/\/www.saintfrancoislongchamp.com\/nl\/boutique\/\" target=\"\"><\/a>\n                                                    <\/li>\n                                            <li class=\"Slider-tuile swiper-slide\">\n                            <picture class=\"Slider-tuile--picture\">\n                                <img decoding=\"async\" class=\"Slider-tuile--background\" src=\"https:\/\/www.saintfrancoislongchamp.com\/content\/uploads\/2021\/05\/APernet-OTSFL-5009-400x530.jpg\" alt=\"Centre de Baln\u00e9oth\u00e9rapie Saint Fran\u00e7ois Longchamp\"\/>\n                            <\/picture>\n                            <h3 class=\"Slider-tuile--title\">Info &amp; contact<\/h3>\n                                                            <a class=\"Slider-tuile--link\" href=\"https:\/\/www.saintfrancoislongchamp.com\/nl\/nous-contacter-a-votre-service\/\" target=\"\"><\/a>\n                                                    <\/li>\n                                                <\/ul>\n        <\/div>\n    <\/div>\n\n<\/div>\n\n\n<section class=\"Image fullscreen __fadeDown\">\n    <picture class=\"Image-picture\">\n                    <source media=\"(min-width: 1200px)\" srcset=\"https:\/\/www.saintfrancoislongchamp.com\/content\/uploads\/2021\/05\/APernet-OTSFL-4939-1623x1080.jpg\">\n            <source media=\"(min-width: 768px)\" srcset=\"https:\/\/www.saintfrancoislongchamp.com\/content\/uploads\/2021\/05\/APernet-OTSFL-4939-1082x720.jpg\">\n            <source media=\"(min-width: 0px)\" srcset=\"https:\/\/www.saintfrancoislongchamp.com\/content\/uploads\/2021\/05\/APernet-OTSFL-4939-720x480.jpg\">\n            <img decoding=\"async\" class=\"Image-img\" src=\"https:\/\/www.saintfrancoislongchamp.com\/content\/uploads\/2021\/05\/APernet-OTSFL-4939-1623x1080.jpg\" alt=\"Station ski maurienne\"\/>\n            <\/picture>\n<\/section>","protected":false},"excerpt":{"rendered":"","protected":false},"author":6,"featured_media":2703,"parent":0,"menu_order":0,"comment_status":"closed","ping_status":"closed","template":"balneo","meta":{"_acf_changed":false,"footnotes":""},"class_list":["post-8489","page","type-page","status-publish","has-post-thumbnail","hentry"],"acf":[],"_links":{"self":[{"href":"https:\/\/www.saintfrancoislongchamp.com\/nl\/wp-json\/wp\/v2\/pages\/8489","targetHints":{"allow":["GET"]}}],"collection":[{"href":"https:\/\/www.saintfrancoislongchamp.com\/nl\/wp-json\/wp\/v2\/pages"}],"about":[{"href":"https:\/\/www.saintfrancoislongchamp.com\/nl\/wp-json\/wp\/v2\/types\/page"}],"author":[{"embeddable":true,"href":"https:\/\/www.saintfrancoislongchamp.com\/nl\/wp-json\/wp\/v2\/users\/6"}],"replies":[{"embeddable":true,"href":"https:\/\/www.saintfrancoislongchamp.com\/nl\/wp-json\/wp\/v2\/comments?post=8489"}],"version-history":[{"count":23,"href":"https:\/\/www.saintfrancoislongchamp.com\/nl\/wp-json\/wp\/v2\/pages\/8489\/revisions"}],"predecessor-version":[{"id":30979,"href":"https:\/\/www.saintfrancoislongchamp.com\/nl\/wp-json\/wp\/v2\/pages\/8489\/revisions\/30979"}],"wp:featuredmedia":[{"embeddable":true,"href":"https:\/\/www.saintfrancoislongchamp.com\/nl\/wp-json\/wp\/v2\/media\/2703"}],"wp:attachment":[{"href":"https:\/\/www.saintfrancoislongchamp.com\/nl\/wp-json\/wp\/v2\/media?parent=8489"}],"curies":[{"name":"wp","href":"https:\/\/api.w.org\/{rel}","templated":true}]}}