{"id":7791,"date":"2021-03-30T15:26:48","date_gmt":"2021-03-30T13:26:48","guid":{"rendered":"https:\/\/www.saintfrancoislongchamp.com\/espace-pro-presse-medias-partenaires-mediatheque\/"},"modified":"2023-08-30T16:15:32","modified_gmt":"2023-08-30T14:15:32","slug":"espace-pro-presse-medias-partenaires-mediatheque","status":"publish","type":"page","link":"https:\/\/www.saintfrancoislongchamp.com\/nl\/espace-pro-presse-medias-partenaires-mediatheque\/","title":{"rendered":"Espace pro"},"content":{"rendered":"<section class=\"ContenuTextuel container\">\n    <div class=\"ContenuTextuel-content\"><p>Espace intranet r\u00e9serv\u00e9 aux professionnels, partenaires et journalistes.<\/p>\n<p>Bienvenue sur votre page.<br \/>\nRetrouvez votre espace d\u00e9di\u00e9 ici : Socio-professionnel | Presse | M\u00e9diath\u00e8que | Investisseur.<\/p>\n<\/div>\n    <\/section>","protected":false},"excerpt":{"rendered":"","protected":false},"author":1,"featured_media":0,"parent":0,"menu_order":0,"comment_status":"closed","ping_status":"closed","template":"landing","meta":{"_acf_changed":false,"footnotes":""},"class_list":["post-7791","page","type-page","status-publish","hentry"],"acf":[],"_links":{"self":[{"href":"https:\/\/www.saintfrancoislongchamp.com\/nl\/wp-json\/wp\/v2\/pages\/7791","targetHints":{"allow":["GET"]}}],"collection":[{"href":"https:\/\/www.saintfrancoislongchamp.com\/nl\/wp-json\/wp\/v2\/pages"}],"about":[{"href":"https:\/\/www.saintfrancoislongchamp.com\/nl\/wp-json\/wp\/v2\/types\/page"}],"author":[{"embeddable":true,"href":"https:\/\/www.saintfrancoislongchamp.com\/nl\/wp-json\/wp\/v2\/users\/1"}],"replies":[{"embeddable":true,"href":"https:\/\/www.saintfrancoislongchamp.com\/nl\/wp-json\/wp\/v2\/comments?post=7791"}],"version-history":[{"count":10,"href":"https:\/\/www.saintfrancoislongchamp.com\/nl\/wp-json\/wp\/v2\/pages\/7791\/revisions"}],"predecessor-version":[{"id":20418,"href":"https:\/\/www.saintfrancoislongchamp.com\/nl\/wp-json\/wp\/v2\/pages\/7791\/revisions\/20418"}],"wp:attachment":[{"href":"https:\/\/www.saintfrancoislongchamp.com\/nl\/wp-json\/wp\/v2\/media?parent=7791"}],"curies":[{"name":"wp","href":"https:\/\/api.w.org\/{rel}","templated":true}]}}