{"id":30863,"date":"2023-02-10T15:09:04","date_gmt":"2023-02-10T14:09:04","guid":{"rendered":"https:\/\/www.saintfrancoislongchamp.com\/to-do\/evenementen\/le-trophee-de-saint-francois\/"},"modified":"2026-03-27T15:19:08","modified_gmt":"2026-03-27T14:19:08","slug":"le-trophee-de-saint-francois","status":"publish","type":"page","link":"https:\/\/www.saintfrancoislongchamp.com\/nl\/to-do\/evenements\/le-trophee-de-saint-francois\/","title":{"rendered":"De Troph\u00e9e van Saint Fran\u00e7ois"},"content":{"rendered":"<section class=\"ContenuTextuel container\">\n    <div class=\"ContenuTextuel-content\"><h3 style=\"text-align: center;\"><span style=\"display: inline-block; width: 0px; overflow: hidden; line-height: 0;\" data-mce-type=\"bookmark\" class=\"mce_SELRES_start\">\ufeff<\/span><span class=\"highlight\">Votre nouveau rendez-vous \u00e0 Saint Fran\u00e7ois Longchamp !<\/span><\/h3>\n<p>&nbsp;<\/p>\n<p style=\"text-align: center;\">En famille ou entre amis, amateurs ou confirm\u00e9s, participez aux diff\u00e9rentes \u00e9preuves que nous vous avons concoct\u00e9s.<\/p>\n<p style=\"text-align: center;\">Formez votre \u00e9quipe de 2 \u00e0 6 personnes et partez vous affronter sur le domaine skiable !<\/p>\n<p style=\"text-align: center;\">Un \u00e9v\u00e8nement convivial, pens\u00e9 pour skier autrement \u00e0 Saint Fran\u00e7ois Longchamp. Venez tester et vous d\u00e9fier sur les diff\u00e9rentes zones ludiques que peut proposer le domaine skiable de Saint Fran\u00e7ois Longchamp.<\/p>\n<p style=\"text-align: center;\">\u00c9preuves accessibles \u00e0 tous, d\u00e8s la troisi\u00e8me \u00e9toile. De nombreux lots sont \u00e0 gagner !<\/p>\n<p style=\"text-align: center;\">Rendez-vous le <strong>Samedi 25 mars 2023<\/strong>.<\/p>\n<\/div>\n    <\/section>\n\n\n<section class=\"Image container __fadeDown\">\n    <picture class=\"Image-picture\">\n                    <img decoding=\"async\" class=\"Image-img\" src=\"https:\/\/www.saintfrancoislongchamp.com\/content\/uploads\/2023\/03\/DIM-MA-2.jpg\" alt=\"Troph\u00e9e de Saint Fran\u00e7ois\"\/>\n            <\/picture>\n<\/section>\n\n<section class=\"ContenuTextuel container\">\n    <div class=\"ContenuTextuel-content\"><p><span style=\"display: inline-block; width: 0px; overflow: hidden; line-height: 0;\" data-mce-type=\"bookmark\" class=\"mce_SELRES_start\">\ufeff<\/span><\/p>\n<\/div>\n    <\/section>\n\n\n<section class=\"Image container __fadeDown\">\n    <picture class=\"Image-picture\">\n                    <img decoding=\"async\" class=\"Image-img\" src=\"https:\/\/www.saintfrancoislongchamp.com\/content\/uploads\/2023\/03\/DIM-MA-2.jpg\" alt=\"Troph\u00e9e de Saint Fran\u00e7ois\"\/>\n            <\/picture>\n<\/section>\n\n<section class=\"ContenuTextuel container\">\n    <div class=\"ContenuTextuel-content\"><\/div>\n    <\/section>\n\n<section class=\"ContenuTextuel container\">\n    <div class=\"ContenuTextuel-content\"><p><span style=\"display: inline-block; width: 0px; overflow: hidden; line-height: 0;\" data-mce-type=\"bookmark\" class=\"mce_SELRES_start\">\ufeff<\/span><\/p>\n<\/div>\n    <\/section>\n\n","protected":false},"excerpt":{"rendered":"","protected":false},"author":7,"featured_media":0,"parent":25247,"menu_order":0,"comment_status":"closed","ping_status":"closed","template":"","meta":{"_acf_changed":false,"footnotes":""},"class_list":["post-30863","page","type-page","status-publish","hentry"],"acf":[],"_links":{"self":[{"href":"https:\/\/www.saintfrancoislongchamp.com\/nl\/wp-json\/wp\/v2\/pages\/30863","targetHints":{"allow":["GET"]}}],"collection":[{"href":"https:\/\/www.saintfrancoislongchamp.com\/nl\/wp-json\/wp\/v2\/pages"}],"about":[{"href":"https:\/\/www.saintfrancoislongchamp.com\/nl\/wp-json\/wp\/v2\/types\/page"}],"author":[{"embeddable":true,"href":"https:\/\/www.saintfrancoislongchamp.com\/nl\/wp-json\/wp\/v2\/users\/7"}],"replies":[{"embeddable":true,"href":"https:\/\/www.saintfrancoislongchamp.com\/nl\/wp-json\/wp\/v2\/comments?post=30863"}],"version-history":[{"count":7,"href":"https:\/\/www.saintfrancoislongchamp.com\/nl\/wp-json\/wp\/v2\/pages\/30863\/revisions"}],"predecessor-version":[{"id":31776,"href":"https:\/\/www.saintfrancoislongchamp.com\/nl\/wp-json\/wp\/v2\/pages\/30863\/revisions\/31776"}],"up":[{"embeddable":true,"href":"https:\/\/www.saintfrancoislongchamp.com\/nl\/wp-json\/wp\/v2\/pages\/25247"}],"wp:attachment":[{"href":"https:\/\/www.saintfrancoislongchamp.com\/nl\/wp-json\/wp\/v2\/media?parent=30863"}],"curies":[{"name":"wp","href":"https:\/\/api.w.org\/{rel}","templated":true}]}}