{"id":25170,"date":"2023-11-28T10:43:35","date_gmt":"2023-11-28T09:43:35","guid":{"rendered":"https:\/\/www.saintfrancoislongchamp.com\/?page_id=25170"},"modified":"2024-10-22T15:10:23","modified_gmt":"2024-10-22T13:10:23","slug":"bien-etre","status":"publish","type":"page","link":"https:\/\/www.saintfrancoislongchamp.com\/en\/que-faire-pendant-mes-vacances-au-ski-ou-a-la-montagne\/animations-et-activites-illimitees-en-montagne-en-savoie\/bien-etre\/","title":{"rendered":"Wellness"},"content":{"rendered":"<section class=\"ContenuTextuel container\">\n    <div class=\"ContenuTextuel-content\"><h2 style=\"text-align: center;\">Holidays to recharge your batteries<\/h2>\n<p style=\"text-align: center;\">For those whose holidays are synonymous with well-being, relaxation and idleness, and who see their stay as a restful interlude away from the hectic pace of everyday life. Discover the activities you can do to relax and recharge your batteries.<\/p>\n<p style=\"text-align: center;\">Discover the balneotherapy centre with its spa, sweating area and treatments, as well as the many wellness service providers who welcome you to the resort.<\/p>\n<\/div>\n    <\/section>\n\n\n<section class=\"Image container __fadeDown\">\n    <picture class=\"Image-picture\">\n                    <img decoding=\"async\" class=\"Image-img\" src=\"https:\/\/www.saintfrancoislongchamp.com\/content\/uploads\/2021\/05\/APernet-OTSFL-9891-1000x667.jpg\" alt=\"Massage d\u00e9tente Centre de Baln\u00e9oth\u00e9rapie Saint Fran\u00e7ois Longchamp\"\/>\n            <\/picture>\n<\/section>\n\n<section class=\"ContenuTextuel container\">\n    <div class=\"ContenuTextuel-content\"><\/div>\n    <\/section>\n\n<div class=\"ApidaeListing\">\n            <div class=\"__altimax_listing __altimax_listing_1\" data-options=\"{&quot;useHover&quot;:true,&quot;useGoto&quot;:false,&quot;useFaceting&quot;:false,&quot;useCookies&quot;:true,&quot;usePrefilter&quot;:false,&quot;useUrl&quot;:true,&quot;useGpx&quot;:false}\" data-uid=\".__altimax_listing_1\" data-js=\"{&quot;useMap&quot;:false,&quot;useNewMap&quot;:false,&quot;map_uid&quot;:&quot;#&quot;,&quot;post_id&quot;:25170,&quot;queryParams&quot;:{&quot;page&quot;:1,&quot;maxperpage&quot;:10,&quot;selections&quot;:[&quot;157734&quot;],&quot;langCode&quot;:&quot;en-GB&quot;,&quot;aspectId&quot;:&quot;2&quot;,&quot;aspectFallback&quot;:true,&quot;use_default_aspect&quot;:true,&quot;referenceElements&quot;:[],&quot;internalCriteria&quot;:[],&quot;filterBy_dates&quot;:&quot;date&quot;,&quot;prefilterBy_dates&quot;:false,&quot;orderBy_commune&quot;:null,&quot;orderBy_critere_interne&quot;:null,&quot;orderBy_classement&quot;:null,&quot;orderBy_date&quot;:false,&quot;orderBy_bookable&quot;:null,&quot;orderBy_elloha_resa&quot;:false,&quot;only_external_engine_result&quot;:true,&quot;only_open_system&quot;:false,&quot;only_dispokit&quot;:false,&quot;only_openEdit&quot;:false,&quot;limit&quot;:null,&quot;search&quot;:null,&quot;ids&quot;:null},&quot;pageParams&quot;:{&quot;&quot;:null,&quot;apidae_list_selection&quot;:[&quot;157734&quot;],&quot;apidae_list_maxperpage&quot;:10,&quot;apidae_list_use_default_aspect&quot;:true,&quot;apidae_list_aspect&quot;:&quot;2&quot;,&quot;apidae_list_fallback&quot;:true,&quot;apidae_listing_elements_references&quot;:[],&quot;apidae_listing_criteres_internes&quot;:[],&quot;apidae_list_filters&quot;:[&quot;typeActiviteCritere&quot;],&quot;apidae_list_orderBy_commune&quot;:null,&quot;apidae_list_orderBy_critere_interne&quot;:null,&quot;apidae_list_orderBy_classement&quot;:null,&quot;apidae_list_orderBy_date&quot;:false,&quot;apidae_list_dates_display&quot;:&quot;date&quot;,&quot;apidae_list_dates_prefilter&quot;:false,&quot;apidae_list_enable_booking&quot;:false,&quot;apidae_list_enable_map&quot;:false,&quot;apidae_list_enable_faceting&quot;:false,&quot;apidae_list_item_layout&quot;:&quot;simple_grid&quot;,&quot;apidae_list_default_template&quot;:&quot;default&quot;,&quot;apidae_list_date_display&quot;:&quot;default&quot;,&quot;apidae_list_display_template&quot;:&quot;&quot;,&quot;apidae_list_date_nb_days&quot;:1,&quot;apidae_list_tiles_display&quot;:&quot;default&quot;,&quot;apidae_list_tiles_output&quot;:&quot;&quot;,&quot;lang&quot;:&quot;en_GB&quot;,&quot;uid&quot;:&quot;__altimax_listing_1&quot;,&quot;cache_key&quot;:&quot;97b6ad4dc6901e3a3330a59c6c2d40aawinter&quot;,&quot;apidae_list_save_in_session&quot;:false,&quot;apidae_list_enable_booking_engine&quot;:false,&quot;apidae_list_orderBy_elloha_resa&quot;:false,&quot;apidae_list_only_open_system&quot;:false,&quot;apidae_list_only_dispokit&quot;:false,&quot;apidae_list_only_open_edit&quot;:false,&quot;apidae_list_orderBy_bookable&quot;:null,&quot;apidae_list_limit&quot;:null,&quot;apidae_list_search&quot;:null,&quot;apidae_list_booking_widget&quot;:null,&quot;apidae_list_destination_blog&quot;:1,&quot;apidae_list_ids&quot;:null,&quot;apidae_list_elloha_price_display&quot;:false},&quot;filter&quot;:null,&quot;paginator&quot;:{&quot;_count&quot;:3,&quot;_currentPage&quot;:1,&quot;_nextPage&quot;:null,&quot;_maxPerPage&quot;:10,&quot;_totalPages&quot;:1},&quot;nonce&quot;:&quot;aa656be6a8&quot;,&quot;collectionIds&quot;:[171069,172127,171188],&quot;uniqueCollection&quot;:[],&quot;markers_preload&quot;:[],&quot;ajax_url&quot;:&quot;https:\\\/\\\/www.saintfrancoislongchamp.com\\\/cms\\\/wp-admin\\\/admin-ajax.php&quot;,&quot;lang&quot;:&quot;en&quot;,&quot;use_numeric_pagination&quot;:false,&quot;useGetUrl&quot;:false}\">\n            <div class=\"ApidaeListing-global \">\n                                <div class=\"ApidaeListing-left\">\n                    <div class=\"ApidaeListing-wrap\">\n                                                <span class=\"ApidaeListing-result\">\n                            <span class=\"ApidaeListing-count\">3<\/span>\n                            Results\n                        <\/span>\n                         \n                    <\/div>\n                    <div class=\"ApidaeListing-items __listing\">\n                                                    <div id=\"js-apidae-items-container\" class=\"ApidaeListingSimpleGrid __listing_content\">\n                                    \n<div class=\"ApidaeListingSimpleGrid-item ApidaeListingSimpleGrid-item--171069 ApidaeListingItem __listing_item  \"\n     data-roadbook-item=\"6715453\" data-event-category=\"Apidae affichage\" data-event-action=\"vue teaser\"\n     data-event-label=\"6715453 : Treatments . Massages . Esthetics | Balneotherapy Center\"\n     data-partenaire=\"oui\"\n     data-non-partenaire=\"non\">\n\n            <a href=\"\/en\/activite\/treatments-massages-esthetics-balneotherapy-center-saint-francois-longchamp-hiver\/\" class=\"ApidaeListingSimpleGrid-link\" title=\"Treatments . Massages . Esthetics | Balneotherapy Center\">\n\n                            <button class=\"__gtm_track_click __altimax_favory ApidaeListingSimpleGrid-fav Favoris\" data-apidae=\"6715453\"\n                        title=\"Ajoutez au carnet\"\n                        data-txtajouter=\"Ajoutez au carnet\"\n                        data-txtretirer=\"Retirez du carnet\"\n                        data-event-category=\"Apidae fiche objet\"\n                        data-event-action=\"ajout trip planner\"\n                        data-event-label=\"6715453 : 0\">\n                    <svg  role=\"presentation\" aria-hidden=\"true\" class=\"Favoris-svg\" width=\"12\" height=\"12\">\n<use xlink:href=\"\/content\/themes\/altimax\/dist\/img\/sprite-html.svg#heart\" \/>\n<\/svg>\n\n                <\/button>\n            \n            <picture class=\"ApidaeListingSimpleGrid-picture\">\n                <img decoding=\"async\" class=\"ApidaeListingSimpleGrid-img\" src=\"\/cache\/images\/19623036_apidae-objet-grid.jpg\" alt=\"Treatments . Massages . Esthetics | Balneotherapy Center\">\n            <\/picture>\n\n            <div class=\"ApidaeListingSimpleGrid-wrap\">\n                <div class=\"ApidaeListingSimpleGrid-wrap--inner\">\n\n                                        \n                    \n                    <h2 class=\"ApidaeListingSimpleGrid-title\">\n                        <span>Treatments . Massages . Esthetics | Balneotherapy Center<\/span>\n                                                <span class=\"ApidaeListingSimpleGrid-ranking\">\n                            \n                                                        \n                                                                                <\/span>\n                    <\/h2>\n                    <span class=\"ApidaeListingSimpleGrid-tel\">0479591056<\/span>\n                                            <p class=\"ApidaeListingSimpleGrid-desc\">\n                            The Balneotherapy Center is a place of well-being and relaxation in the heart of the mountains. Over&#8230;\n                        <\/p>\n                                    <\/div>\n                <div class=\"ApidaeListingSimpleGrid-bottom\">\n                                    <\/div>\n            <\/div>\n        <\/a>\n    \n<\/div>\n\n    \n<div class=\"ApidaeListingSimpleGrid-item ApidaeListingSimpleGrid-item--172127 ApidaeListingItem __listing_item  \"\n     data-roadbook-item=\"6711784\" data-event-category=\"Apidae affichage\" data-event-action=\"vue teaser\"\n     data-event-label=\"6711784 : Wellness massages, sports massages and sophrology\"\n     data-partenaire=\"non\"\n     data-non-partenaire=\"non\">\n\n            <a href=\"\/en\/activite\/wellness-massages-sports-massages-and-sophrology-saint-francois-longchamp\/\" class=\"ApidaeListingSimpleGrid-link\" title=\"Wellness massages, sports massages and sophrology\">\n\n                            <button class=\"__gtm_track_click __altimax_favory ApidaeListingSimpleGrid-fav Favoris\" data-apidae=\"6711784\"\n                        title=\"Ajoutez au carnet\"\n                        data-txtajouter=\"Ajoutez au carnet\"\n                        data-txtretirer=\"Retirez du carnet\"\n                        data-event-category=\"Apidae fiche objet\"\n                        data-event-action=\"ajout trip planner\"\n                        data-event-label=\"6711784 : 0\">\n                    <svg  role=\"presentation\" aria-hidden=\"true\" class=\"Favoris-svg\" width=\"12\" height=\"12\">\n<use xlink:href=\"\/content\/themes\/altimax\/dist\/img\/sprite-html.svg#heart\" \/>\n<\/svg>\n\n                <\/button>\n            \n            <picture class=\"ApidaeListingSimpleGrid-picture\">\n                <img decoding=\"async\" class=\"ApidaeListingSimpleGrid-img\" src=\"\/cache\/images\/33439570_apidae-objet-grid.png\" alt=\"Wellness massages, sports massages and sophrology\">\n            <\/picture>\n\n            <div class=\"ApidaeListingSimpleGrid-wrap\">\n                <div class=\"ApidaeListingSimpleGrid-wrap--inner\">\n\n                                        \n                    \n                    <h2 class=\"ApidaeListingSimpleGrid-title\">\n                        <span>Wellness massages, sports massages and sophrology<\/span>\n                                                <span class=\"ApidaeListingSimpleGrid-ranking\">\n                            \n                                                        \n                                                                                <\/span>\n                    <\/h2>\n                    <span class=\"ApidaeListingSimpleGrid-tel\">+33 (0)6 87 82 44 51<\/span>\n                                            <p class=\"ApidaeListingSimpleGrid-desc\">\n                            Wellness massages, sports massage, Tuina massage, Chinese energy massage and sophrology sessions.\n                        <\/p>\n                                    <\/div>\n                <div class=\"ApidaeListingSimpleGrid-bottom\">\n                                    <\/div>\n            <\/div>\n        <\/a>\n    \n<\/div>\n\n    \n<div class=\"ApidaeListingSimpleGrid-item ApidaeListingSimpleGrid-item--171188 ApidaeListingItem __listing_item  \"\n     data-roadbook-item=\"78586\" data-event-category=\"Apidae affichage\" data-event-action=\"vue teaser\"\n     data-event-label=\"78586 : Balneotherapy Center\"\n     data-partenaire=\"oui\"\n     data-non-partenaire=\"non\">\n\n            <a href=\"\/en\/equipement\/balneotherapy-center-saint-francois-longchamp-hiver\/\" class=\"ApidaeListingSimpleGrid-link\" title=\"Balneotherapy Center\">\n\n                            <button class=\"__gtm_track_click __altimax_favory ApidaeListingSimpleGrid-fav Favoris\" data-apidae=\"78586\"\n                        title=\"Ajoutez au carnet\"\n                        data-txtajouter=\"Ajoutez au carnet\"\n                        data-txtretirer=\"Retirez du carnet\"\n                        data-event-category=\"Apidae fiche objet\"\n                        data-event-action=\"ajout trip planner\"\n                        data-event-label=\"78586 : 0\">\n                    <svg  role=\"presentation\" aria-hidden=\"true\" class=\"Favoris-svg\" width=\"12\" height=\"12\">\n<use xlink:href=\"\/content\/themes\/altimax\/dist\/img\/sprite-html.svg#heart\" \/>\n<\/svg>\n\n                <\/button>\n            \n            <picture class=\"ApidaeListingSimpleGrid-picture\">\n                <img decoding=\"async\" class=\"ApidaeListingSimpleGrid-img\" src=\"\/cache\/images\/22524392_apidae-objet-grid.jpg\" alt=\"Balneotherapy Center\">\n            <\/picture>\n\n            <div class=\"ApidaeListingSimpleGrid-wrap\">\n                <div class=\"ApidaeListingSimpleGrid-wrap--inner\">\n\n                                        \n                    \n                    <h2 class=\"ApidaeListingSimpleGrid-title\">\n                        <span>Balneotherapy Center<\/span>\n                                                <span class=\"ApidaeListingSimpleGrid-ranking\">\n                            \n                                                        \n                                                                                <\/span>\n                    <\/h2>\n                    <span class=\"ApidaeListingSimpleGrid-tel\">04 79 59 10 56<\/span>\n                                            <p class=\"ApidaeListingSimpleGrid-desc\">\n                            Welcome to the Balneotherapy centre: a place designed for well-being and relaxation in the heart of the&#8230;\n                        <\/p>\n                                    <\/div>\n                <div class=\"ApidaeListingSimpleGrid-bottom\">\n                                    <\/div>\n            <\/div>\n        <\/a>\n    \n<\/div>\n\n                            <\/div>\n                                                                    <\/div>\n                <\/div>\n                <div class=\"ApidaeListing-right\">\n                    \n                <\/div>\n            <\/div>\n        <\/div>\n    <\/div>","protected":false},"excerpt":{"rendered":"","protected":false},"author":7,"featured_media":0,"parent":7637,"menu_order":0,"comment_status":"closed","ping_status":"closed","template":"","meta":{"_acf_changed":false,"footnotes":""},"class_list":["post-25170","page","type-page","status-publish","hentry"],"acf":[],"_links":{"self":[{"href":"https:\/\/www.saintfrancoislongchamp.com\/en\/wp-json\/wp\/v2\/pages\/25170","targetHints":{"allow":["GET"]}}],"collection":[{"href":"https:\/\/www.saintfrancoislongchamp.com\/en\/wp-json\/wp\/v2\/pages"}],"about":[{"href":"https:\/\/www.saintfrancoislongchamp.com\/en\/wp-json\/wp\/v2\/types\/page"}],"author":[{"embeddable":true,"href":"https:\/\/www.saintfrancoislongchamp.com\/en\/wp-json\/wp\/v2\/users\/7"}],"replies":[{"embeddable":true,"href":"https:\/\/www.saintfrancoislongchamp.com\/en\/wp-json\/wp\/v2\/comments?post=25170"}],"version-history":[{"count":3,"href":"https:\/\/www.saintfrancoislongchamp.com\/en\/wp-json\/wp\/v2\/pages\/25170\/revisions"}],"predecessor-version":[{"id":26159,"href":"https:\/\/www.saintfrancoislongchamp.com\/en\/wp-json\/wp\/v2\/pages\/25170\/revisions\/26159"}],"up":[{"embeddable":true,"href":"https:\/\/www.saintfrancoislongchamp.com\/en\/wp-json\/wp\/v2\/pages\/7637"}],"wp:attachment":[{"href":"https:\/\/www.saintfrancoislongchamp.com\/en\/wp-json\/wp\/v2\/media?parent=25170"}],"curies":[{"name":"wp","href":"https:\/\/api.w.org\/{rel}","templated":true}]}}