{"id":24252,"date":"2024-05-31T12:18:52","date_gmt":"2024-05-31T10:18:52","guid":{"rendered":"https:\/\/www.saintfrancoislongchamp.com\/?page_id=24252"},"modified":"2024-05-31T12:18:53","modified_gmt":"2024-05-31T10:18:53","slug":"mountain-bike-festival","status":"publish","type":"page","link":"https:\/\/www.saintfrancoislongchamp.com\/en\/mountain-bike-festival\/","title":{"rendered":"Mountain Bike Festival"},"content":{"rendered":"<div class=\"GutCol2  GutContainer\"><div class=\"GutCol2-container\"><div class=\"GutCol2-wrap GutCol2-blocTexteLeft\"><div class=\"GutCol2-blocTexte--inner\"><div class=\"GutTitle Left\"> <span class=\"GutTitle-title\">Mountain Bike Festival<\/span> <span class=\"GutTitle-subtitle\">Sunday, July 14, 2024<\/span><\/div><div class=\"GutCol2-text Content\"><h5><span style=\"color: #f59c00;\"><strong>Want to discover mountain biking in the mountains? Join us for a day of mountain-biking fun at the fourth annual mountain-biking festival!<\/strong><\/span><\/h5>\n<h5><span style=\"color: #1c4366;\"><strong>Mountain bike routes<\/strong><\/span><\/h5>\n<p>&#8211; Starlight 4.88km (downhill) | Easy<br \/>\n&#8211; Blackhorse 2.85km (downhill) | Easy<\/p>\n<p>&#8211; Les Paquiers | 7.22km D+262m | Easy<br \/>\n&#8211; Le Lac de la Grande L\u00e9ch\u00e8re | 21.46km D+682m | Difficult<br \/>\n&#8211; Le Lac du Loup | 24.38km D+763m | Difficult<br \/>\n&#8211; Col du Paradis | 12.97km D+454m | Tr\u00e8s Difficile<br \/>\n&#8211; Mer de l&#8217;Eau | 14.66km D+565 | Tr\u00e8s Difficile<br \/>\n&#8211; Col de Chaussy | 34.41km D+1153 | Tr\u00e8s Difficile<\/p>\n<h5><span style=\"color: #1c4366;\"><strong>Other VAE routes<\/strong><\/span><\/h5>\n<p>&#8211; La boucle du Fragnin | 22 km D+400 m | Difficile<br \/>\n&#8211; Itin\u00e9raire du Sapin | 3 km D+100 m | Facile<br \/>\n&#8211; Chemin des Inversaires | 6 km D+200 m | Tr\u00e8s facile<br \/>\n&#8211; La route des fermes | 6 km D+300 m | Facile<br \/>\n&#8211; Le Col de la Madeleine | 10 km D+350 m | Facile<br \/>\n&#8211; Le lac du Loup par Saint Fran\u00e7ois Longchamp et Montaimont | 30 km D+1300 m | Difficile<\/p>\n<h5><span style=\"color: #1c4366;\"><strong>Other mountain bike routes<\/strong><\/span><\/h5>\n<p>&#8211; Descente de la route des fermes | 2,5 km D-390m | Facile<br \/>\n&#8211; La combe du Loup | 10 km | Difficile<br \/>\n&#8211; Le Nant Burian | D-400 m | Difficile<br \/>\n&#8211; Les Perelles | 2 km | Difficile<br \/>\n&#8211; Itin\u00e9raire du Sapin | 3 km D+100 m | Facile<\/p>\n<p>&nbsp;<\/p>\n<\/div><\/div><\/div><div class=\"GutCol2-wrap GutCol2-blocImage Right\"><picture class=\"GutCol2-picture\" ><img src = \"https:\/\/www.saintfrancoislongchamp.com\/content\/uploads\/2023\/06\/Journee-VTT3-scaled.jpg\" alt = \"Show VTT trial\" \/><\/picture ><\/div ><\/div><\/div>\n\n<div class=\"GutBanner  GutContainer\"><div class=\"GutBanner-inner\"><div class=\"GutBanner-teaser2 Content\">All routes on your phone<\/div><a class=\"GutBanner-button Button-primary\" href=\"https:\/\/www.saintfrancoislongchamp.com\/vtt-vae\/\">Download GPX tracks<\/a><\/div><\/div>\n\n<div class=\"GutCol2  GutContainer\"><div class=\"GutCol2-container\"><div class=\"GutCol2-wrap GutCol2-blocImage Left\"><picture class=\"GutCol2-picture\" ><img src = \"https:\/\/www.saintfrancoislongchamp.com\/content\/uploads\/2023\/05\/VTT-2-e1717061796447-588x588.jpeg\" alt = \"VTT\" \/><\/picture ><\/div ><div class=\"GutCol2-wrap GutCol2-blocTexteRight\"><div class=\"GutCol2-blocTexte--inner\"><div class=\"GutTitle Left\"> <span class=\"GutTitle-title\">Les animations <\/span><\/div><div class=\"GutCol2-text Content\"><h5 style=\"text-align: left;\"><span style=\"color: #1c4366;\"><strong>Circuit draisiennes et trottinettes<\/strong><\/span><\/h5>\n<p><span style=\"color: #000000;\">Un circuit pour les plus petits. Pr\u00eat de draisiennes, trottinettes et casques.<\/span><\/p>\n<h5 style=\"text-align: left;\"><span style=\"color: #1c4366;\"><strong>V\u00e9los rigolos<\/strong><\/span><\/h5>\n<p>Des v\u00e9los difformes et rigolos, arriverez-vous \u00e0 contr\u00f4ler votre trajectoire ?<\/p>\n<h5 style=\"text-align: left;\"><span style=\"color: #1c4366;\"><strong>Initiation aux activit\u00e9s<\/strong><\/span><\/h5>\n<p>Location de VTT et VAE chez <a href=\"https:\/\/www.saintfrancoislongchamp.com\/commerce-et-service\/milly-sports-netski-saint-francois-longchamp-ete\/\">Milly sports Netski<\/a> (Saint Fran\u00e7ois 1450) ou chez\u00a0<a href=\"https:\/\/www.saintfrancoislongchamp.com\/commerce-et-service\/ravoirsports-sport-2000-4-vallees-saint-francois-longchamp-ete\/\">Ravoir&#8217;Sports sport 2000<\/a> (4 Vall\u00e9es).<\/p>\n<p>Location de segway chez <a href=\"https:\/\/www.saintfrancoislongchamp.com\/commerce-et-service\/perret-sports-saint-francois-longchamp-ete\/\">Perret Sports<\/a> (Centre sation).<\/p>\n<h5 style=\"text-align: left;\"><span style=\"color: #1c4366;\"><strong>Sorties encadr\u00e9es<\/strong><\/span><\/h5>\n<p>Partez en sortie VTT ou VAE avec votre moniteur Mathieu Taboury.<\/p>\n<h5 style=\"text-align: left;\"><span style=\"color: #1c4366;\"><strong>Show VTT trial<\/strong><\/span><\/h5>\n<p>D\u00e9monstration de VTT trial freestyle.<\/p>\n<h5 style=\"text-align: left;\"><span style=\"color: #1c4366;\"><strong>Bal et feu d&#8217;artifice<\/strong><\/span><\/h5>\n<p>Jour de f\u00eate nationale, nous f\u00eaterons le 14 juillet sur le parvis de la Maison du Tourisme : Dj set, buvette et feu d&#8217;artifice !<\/p>\n<\/div><\/div><\/div><\/div><\/div>\n\n<section class=\"ContenuTextuel container\">\n    <div class=\"ContenuTextuel-content\"><\/div>\n    <\/section>","protected":false},"excerpt":{"rendered":"","protected":false},"author":7,"featured_media":19505,"parent":0,"menu_order":0,"comment_status":"closed","ping_status":"closed","template":"","meta":{"_acf_changed":false,"footnotes":""},"class_list":["post-24252","page","type-page","status-publish","has-post-thumbnail","hentry"],"acf":[],"_links":{"self":[{"href":"https:\/\/www.saintfrancoislongchamp.com\/en\/wp-json\/wp\/v2\/pages\/24252","targetHints":{"allow":["GET"]}}],"collection":[{"href":"https:\/\/www.saintfrancoislongchamp.com\/en\/wp-json\/wp\/v2\/pages"}],"about":[{"href":"https:\/\/www.saintfrancoislongchamp.com\/en\/wp-json\/wp\/v2\/types\/page"}],"author":[{"embeddable":true,"href":"https:\/\/www.saintfrancoislongchamp.com\/en\/wp-json\/wp\/v2\/users\/7"}],"replies":[{"embeddable":true,"href":"https:\/\/www.saintfrancoislongchamp.com\/en\/wp-json\/wp\/v2\/comments?post=24252"}],"version-history":[{"count":1,"href":"https:\/\/www.saintfrancoislongchamp.com\/en\/wp-json\/wp\/v2\/pages\/24252\/revisions"}],"predecessor-version":[{"id":24256,"href":"https:\/\/www.saintfrancoislongchamp.com\/en\/wp-json\/wp\/v2\/pages\/24252\/revisions\/24256"}],"wp:featuredmedia":[{"embeddable":true,"href":"https:\/\/www.saintfrancoislongchamp.com\/en\/wp-json\/wp\/v2\/media\/19505"}],"wp:attachment":[{"href":"https:\/\/www.saintfrancoislongchamp.com\/en\/wp-json\/wp\/v2\/media?parent=24252"}],"curies":[{"name":"wp","href":"https:\/\/api.w.org\/{rel}","templated":true}]}}